{"id":14005,"date":"2024-08-28T08:37:53","date_gmt":"2024-08-28T08:37:53","guid":{"rendered":"http:\/\/localhost:10066\/?page_id=14005"},"modified":"2025-05-22T12:03:25","modified_gmt":"2025-05-22T10:03:25","slug":"a-propos","status":"publish","type":"page","link":"https:\/\/heygo.fr\/?page_id=14005","title":{"rendered":"A propos"},"content":{"rendered":"\t\t<div data-elementor-type=\"wp-page\" data-elementor-id=\"14005\" class=\"elementor elementor-14005\">\n\t\t\t\t\t\t<section class=\"elementor-section elementor-top-section elementor-element elementor-element-a4a39a8 elementor-section-full_width elementor-section-height-default elementor-section-height-default\" data-id=\"a4a39a8\" data-element_type=\"section\">\n\t\t\t\t\t\t<div class=\"elementor-container elementor-column-gap-default\">\n\t\t\t\t\t<div class=\"elementor-column elementor-col-100 elementor-top-column elementor-element elementor-element-c64d65a elementor-invisible\" data-id=\"c64d65a\" data-element_type=\"column\" data-settings=\"{&quot;animation&quot;:&quot;fadeIn&quot;}\">\n\t\t\t<div class=\"elementor-widget-wrap elementor-element-populated\">\n\t\t\t\t\t\t<section class=\"elementor-section elementor-inner-section elementor-element elementor-element-e156270 elementor-section-content-middle elementor-section-boxed elementor-section-height-default elementor-section-height-default\" data-id=\"e156270\" data-element_type=\"section\">\n\t\t\t\t\t\t<div class=\"elementor-container elementor-column-gap-default\">\n\t\t\t\t\t<div class=\"elementor-column elementor-col-50 elementor-inner-column elementor-element elementor-element-79a1f4b elementor-hidden-mobile elementor-invisible\" data-id=\"79a1f4b\" data-element_type=\"column\" data-settings=\"{&quot;animation&quot;:&quot;fadeIn&quot;}\">\n\t\t\t<div class=\"elementor-widget-wrap elementor-element-populated\">\n\t\t\t\t\t\t<section class=\"elementor-section elementor-inner-section elementor-element elementor-element-ab105a6 elementor-section-boxed elementor-section-height-default elementor-section-height-default\" data-id=\"ab105a6\" data-element_type=\"section\">\n\t\t\t\t\t\t<div class=\"elementor-container elementor-column-gap-default\">\n\t\t\t\t\t<div class=\"elementor-column elementor-col-50 elementor-inner-column elementor-element elementor-element-bbc0c6d\" data-id=\"bbc0c6d\" data-element_type=\"column\">\n\t\t\t<div class=\"elementor-widget-wrap elementor-element-populated\">\n\t\t\t\t\t\t<div class=\"elementor-element elementor-element-17c4b40 elementor-hidden-tablet animated-fast elementor-invisible elementor-widget elementor-widget-image\" data-id=\"17c4b40\" data-element_type=\"widget\" data-settings=\"{&quot;_animation&quot;:&quot;fadeInLeft&quot;,&quot;_animation_delay&quot;:200}\" data-widget_type=\"image.default\">\n\t\t\t\t<div class=\"elementor-widget-container\">\n\t\t\t\t\t\t\t\t\t\t\t\t\t\t\t<img fetchpriority=\"high\" decoding=\"async\" width=\"370\" height=\"420\" src=\"https:\/\/heygo.fr\/wp-content\/uploads\/2025\/04\/WhatsApp-Image-2023-12-31-a-13.16.48_200d9eb9-370x420-1.jpg\" class=\"attachment-1536x1536 size-1536x1536 wp-image-16455\" alt=\"\" srcset=\"https:\/\/heygo.fr\/wp-content\/uploads\/2025\/04\/WhatsApp-Image-2023-12-31-a-13.16.48_200d9eb9-370x420-1.jpg 370w, https:\/\/heygo.fr\/wp-content\/uploads\/2025\/04\/WhatsApp-Image-2023-12-31-a-13.16.48_200d9eb9-370x420-1-264x300.jpg 264w\" sizes=\"(max-width: 370px) 100vw, 370px\" \/>\t\t\t\t\t\t\t\t\t\t\t\t\t\t\t<\/div>\n\t\t\t\t<\/div>\n\t\t\t\t\t<\/div>\n\t\t<\/div>\n\t\t\t\t<div class=\"elementor-column elementor-col-50 elementor-inner-column elementor-element elementor-element-27b2251 animated-fast elementor-invisible\" data-id=\"27b2251\" data-element_type=\"column\" data-settings=\"{&quot;animation&quot;:&quot;fadeInUp&quot;,&quot;animation_delay&quot;:100}\">\n\t\t\t<div class=\"elementor-widget-wrap elementor-element-populated\">\n\t\t\t\t\t\t<div class=\"elementor-element elementor-element-1180e64 elementor-hidden-tablet elementor-widget elementor-widget-image\" data-id=\"1180e64\" data-element_type=\"widget\" data-widget_type=\"image.default\">\n\t\t\t\t<div class=\"elementor-widget-container\">\n\t\t\t\t\t\t\t\t\t\t\t\t\t\t\t<img decoding=\"async\" src=\"https:\/\/heygo.fr\/wp-content\/uploads\/elementor\/thumbs\/HEYGO-2-r4d3opplt64qodhvv0jwp8ycagucf88rsjbi66id6g.png\" title=\"HEYGO (2)\" alt=\"HEYGO (2)\" loading=\"lazy\" \/>\t\t\t\t\t\t\t\t\t\t\t\t\t\t\t<\/div>\n\t\t\t\t<\/div>\n\t\t\t\t\t<\/div>\n\t\t<\/div>\n\t\t\t\t\t<\/div>\n\t\t<\/section>\n\t\t\t\t<div class=\"elementor-element elementor-element-1570b84 animated-fast elementor-invisible elementor-widget elementor-widget-image\" data-id=\"1570b84\" data-element_type=\"widget\" data-settings=\"{&quot;_animation&quot;:&quot;fadeInUp&quot;,&quot;_animation_delay&quot;:300}\" data-widget_type=\"image.default\">\n\t\t\t\t<div class=\"elementor-widget-container\">\n\t\t\t\t\t\t\t\t\t\t\t\t\t\t\t<img decoding=\"async\" width=\"1536\" height=\"1152\" src=\"https:\/\/heygo.fr\/wp-content\/uploads\/2025\/04\/IMG_4998-1536x1152-1.jpg\" class=\"attachment-full size-full wp-image-16452\" alt=\"\" srcset=\"https:\/\/heygo.fr\/wp-content\/uploads\/2025\/04\/IMG_4998-1536x1152-1.jpg 1536w, https:\/\/heygo.fr\/wp-content\/uploads\/2025\/04\/IMG_4998-1536x1152-1-300x225.jpg 300w, https:\/\/heygo.fr\/wp-content\/uploads\/2025\/04\/IMG_4998-1536x1152-1-1024x768.jpg 1024w, https:\/\/heygo.fr\/wp-content\/uploads\/2025\/04\/IMG_4998-1536x1152-1-768x576.jpg 768w\" sizes=\"(max-width: 1536px) 100vw, 1536px\" \/>\t\t\t\t\t\t\t\t\t\t\t\t\t\t\t<\/div>\n\t\t\t\t<\/div>\n\t\t\t\t\t<\/div>\n\t\t<\/div>\n\t\t\t\t<div class=\"elementor-column elementor-col-50 elementor-inner-column elementor-element elementor-element-0c50da1 elementor-invisible\" data-id=\"0c50da1\" data-element_type=\"column\" data-settings=\"{&quot;animation&quot;:&quot;fadeIn&quot;}\">\n\t\t\t<div class=\"elementor-widget-wrap elementor-element-populated\">\n\t\t\t\t\t\t<div class=\"elementor-element elementor-element-75bda2d elementor-widget__width-initial animated-fast elementor-invisible elementor-widget elementor-widget-ci_heading\" data-id=\"75bda2d\" data-element_type=\"widget\" data-settings=\"{&quot;_animation&quot;:&quot;fadeInRight&quot;,&quot;_animation_delay&quot;:100}\" data-widget_type=\"ci_heading.default\">\n\t\t\t\t<div class=\"elementor-widget-container\">\n\t\t\t\t\t<div class=\"section-title\"><span class=\"sec-subtitle-text mb-30\" ><small class=\"line-design line-design-left\"><\/small>A propos<\/span><h2\n\t\tclass=\"heading-title\">\n\n\t\tL\u2019histoire de Heygo\n\n\t\t<\/h2><\/div>\t\t\t\t<\/div>\n\t\t\t\t<\/div>\n\t\t\t\t<div class=\"elementor-element elementor-element-091bb2e animated-fast elementor-invisible elementor-widget elementor-widget-text-editor\" data-id=\"091bb2e\" data-element_type=\"widget\" data-settings=\"{&quot;_animation&quot;:&quot;fadeInRight&quot;,&quot;_animation_delay&quot;:200}\" data-widget_type=\"text-editor.default\">\n\t\t\t\t<div class=\"elementor-widget-container\">\n\t\t\t\t\t\t\t\t\t<blockquote><p class=\"p1\">Heygo, c\u2019est avant tout l\u2019histoire de deux passionn\u00e9s du web : <span class=\"s1\"><b>Pierre-Richard Pascal<\/b><\/span> et <span class=\"s1\"><b>Jean-Marc Guillaume<\/b><\/span>. Amis et d\u00e9veloppeurs de longue date, ils ont uni leurs comp\u00e9tences et leur vision pour donner vie \u00e0 un projet inspir\u00e9 par <span class=\"s1\"><b>Mickael BARANES<\/b><\/span>, un professionnel disposant d\u2019une flotte de taxis, qui les a contact\u00e9s avec une id\u00e9e ambitieuse : repenser la r\u00e9servation de taxis de mani\u00e8re simple, moderne et humaine.<\/p><p class=\"p1\">Face \u00e0 un monde num\u00e9rique en constante \u00e9volution, Pierre-Richard et Jean-Marc ont voulu aller plus loin que le simple d\u00e9veloppement de sites ou d\u2019applications. Leur ambition ? Offrir des solutions digitales efficaces, accessibles \u00e0 tous, et con\u00e7ues avec soin. C\u2019est ainsi qu\u2019est n\u00e9 <span class=\"s1\"><b>Heygo,<\/b><\/span>\u00a0un projet port\u00e9 par une vision commune, n\u00e9e d\u2019un \u00e9change, d\u2019une opportunit\u00e9 et d\u2019un v\u00e9ritable d\u00e9sir de faire les choses autrement, avec passion et authenticit\u00e9.<\/p><p class=\"p1\">Derri\u00e8re chaque ligne de code se cache une id\u00e9e, une rencontre, un d\u00e9fi relev\u00e9 ensemble. Et aujourd\u2019hui, Heygo continue d\u2019\u00e9voluer, port\u00e9 par la m\u00eame \u00e9nergie, le m\u00eame engagement et la confiance de ceux qui y ont cru d\u00e8s le d\u00e9part.<\/p><\/blockquote>\t\t\t\t\t\t\t\t<\/div>\n\t\t\t\t<\/div>\n\t\t\t\t\t<\/div>\n\t\t<\/div>\n\t\t\t\t\t<\/div>\n\t\t<\/section>\n\t\t\t\t\t<\/div>\n\t\t<\/div>\n\t\t\t\t\t<\/div>\n\t\t<\/section>\n\t\t\t\t<section class=\"elementor-section elementor-top-section elementor-element elementor-element-c5a7551 elementor-section-full_width elementor-section-height-default elementor-section-height-default\" data-id=\"c5a7551\" data-element_type=\"section\" data-settings=\"{&quot;background_background&quot;:&quot;classic&quot;}\">\n\t\t\t\t\t\t<div class=\"elementor-container elementor-column-gap-default\">\n\t\t\t\t\t<div class=\"elementor-column elementor-col-100 elementor-top-column elementor-element elementor-element-8cfb1ee animated-fast\" data-id=\"8cfb1ee\" data-element_type=\"column\" data-settings=\"{&quot;animation&quot;:&quot;none&quot;}\">\n\t\t\t<div class=\"elementor-widget-wrap elementor-element-populated\">\n\t\t\t\t\t\t<div class=\"elementor-element elementor-element-d7f14dc elementor-widget__width-initial elementor-absolute animated-fast elementor-invisible elementor-widget elementor-widget-image\" data-id=\"d7f14dc\" data-element_type=\"widget\" data-settings=\"{&quot;_position&quot;:&quot;absolute&quot;,&quot;_animation&quot;:&quot;fadeInRight&quot;}\" data-widget_type=\"image.default\">\n\t\t\t\t<div class=\"elementor-widget-container\">\n\t\t\t\t\t\t\t\t\t\t\t\t\t\t\t<img decoding=\"async\" width=\"589\" height=\"399\" src=\"https:\/\/heygo.fr\/wp-content\/uploads\/2024\/09\/Group-3.png\" class=\"attachment-full size-full wp-image-14701\" alt=\"\" srcset=\"https:\/\/heygo.fr\/wp-content\/uploads\/2024\/09\/Group-3.png 589w, https:\/\/heygo.fr\/wp-content\/uploads\/2024\/09\/Group-3-300x203.png 300w\" sizes=\"(max-width: 589px) 100vw, 589px\" \/>\t\t\t\t\t\t\t\t\t\t\t\t\t\t\t<\/div>\n\t\t\t\t<\/div>\n\t\t\t\t\t<\/div>\n\t\t<\/div>\n\t\t\t\t\t<\/div>\n\t\t<\/section>\n\t\t\t\t<\/div>\n\t\t","protected":false},"excerpt":{"rendered":"<p>A propos L\u2019histoire de Heygo Heygo, c\u2019est avant tout l\u2019histoire de deux passionn\u00e9s du web : Pierre-Richard Pascal et Jean-Marc Guillaume. Amis et d\u00e9veloppeurs de longue date, ils ont uni leurs comp\u00e9tences et leur vision pour donner vie \u00e0 un projet inspir\u00e9 par Mickael BARANES, un professionnel disposant d\u2019une flotte &#8230;<\/p>\n","protected":false},"author":1,"featured_media":0,"parent":0,"menu_order":0,"comment_status":"closed","ping_status":"closed","template":"","meta":{"_joinchat":[],"footnotes":""},"class_list":["post-14005","page","type-page","status-publish","hentry"],"_links":{"self":[{"href":"https:\/\/heygo.fr\/index.php?rest_route=\/wp\/v2\/pages\/14005","targetHints":{"allow":["GET"]}}],"collection":[{"href":"https:\/\/heygo.fr\/index.php?rest_route=\/wp\/v2\/pages"}],"about":[{"href":"https:\/\/heygo.fr\/index.php?rest_route=\/wp\/v2\/types\/page"}],"author":[{"embeddable":true,"href":"https:\/\/heygo.fr\/index.php?rest_route=\/wp\/v2\/users\/1"}],"replies":[{"embeddable":true,"href":"https:\/\/heygo.fr\/index.php?rest_route=%2Fwp%2Fv2%2Fcomments&post=14005"}],"version-history":[{"count":23,"href":"https:\/\/heygo.fr\/index.php?rest_route=\/wp\/v2\/pages\/14005\/revisions"}],"predecessor-version":[{"id":16516,"href":"https:\/\/heygo.fr\/index.php?rest_route=\/wp\/v2\/pages\/14005\/revisions\/16516"}],"wp:attachment":[{"href":"https:\/\/heygo.fr\/index.php?rest_route=%2Fwp%2Fv2%2Fmedia&parent=14005"}],"curies":[{"name":"wp","href":"https:\/\/api.w.org\/{rel}","templated":true}]}}